{"id":186,"date":"2009-04-10T16:03:19","date_gmt":"2009-04-10T22:03:19","guid":{"rendered":"http:\/\/christophoertli.ch\/april09\/?page_id=186"},"modified":"2024-02-07T10:58:25","modified_gmt":"2024-02-07T09:58:25","slug":"cv","status":"publish","type":"page","link":"https:\/\/christophoertli.ch\/de\/cv\/","title":{"rendered":"cv"},"content":{"rendered":"<p>* Winterthur\/Schweiz, lebt und arbeitet in Basel.<\/p>\n<p>Ausbildung: ZHdK  Z\u00fcrich, Grafik; Schweizer Fernsehen Z\u00fcrich, B\u00fchnenbild; FHNW Basel,  Audiovisuelle Gestaltung.<\/p>\n<p>Ab 1995: realisiert Videos, Videoinstallationen, Dokumentarfilme, Video f\u00fcr Tanz und Theater.<\/p>\n<p>F\u00e4hrt 1995-97 auf Schiffen rund um die Welt, lebt 1998-00 in Montr\u00e9al\/Canada, 2002-07 in Paris, 2007-17 in Br\u00fcssel.<br \/>\n2000-02 Dozent f\u00fcr Video an Fachhochschule Vorarlberg\/Oesterreich. Ab 2004 Gastdozent HSLU Luzern.<\/p>\n<p>Videographie<br \/>\n2022  Superposition<br \/>\n2020  Sensing Bodies<br \/>\n2020  cit\u00e9 mod\u00e8le<br \/>\n2017  Gare du Nord<br \/>\n2015  Ethiopian Run<br \/>\n2014  Timeline<br \/>\n2014  Tension Box<br \/>\n2013  Campus<br \/>\n2012  Monsieur Ren\u00e9<br \/>\n2011  Karta; Tretet ein in die Kontinente II<br \/>\n2010  The ground is moving<br \/>\n2009  Sinbad &#8211; new voyages; Tretet ein in die Kontinente I<br \/>\n2008  Tiger<br \/>\n2007  Taxila<br \/>\n2006  Cairo<br \/>\n2005  Noch sehend verschwanden die Matrosen; Songs N\u00b01 &amp; N\u00b02<br \/>\n2004  Come, heavy sleep<br \/>\n2003  Plan fixe<br \/>\n2002  19x barfuss; 5 spots Expo \u201802<br \/>\n2001  Haushalten<br \/>\n2000  Yellowknife<br \/>\n1999  Felix in schwarz-weiss<br \/>\n1997  No sunday no monday<\/p>\n<p>Preise\/Auszeichnungen\/Residencies<br \/>\n2020  Medienkunstpreis Basel f\u00fcr \u201aSensing Bodies\u2018<br \/>\n2015  Anerkennungsbeitrag UBS Kulturstiftung<br \/>\n2013  \u2018ZOOM\u2019 Basler Filmpreis, bester Kunstfilm<br \/>\n2010  1. Preis SCOPE Subject\/Art Basel 2010, videoart<br \/>\n2008  1er Prix Vid\u00e9oformes, Clermont-Ferrand\/France<br \/>\n2006  Artist in residence \/ Pro Helvetia, Kairo<br \/>\n2003  1er Prix Vid\u00e9oformes, Clermont-Ferrand\/France<br \/>\n2003  Werkbeitrag Kanton Basel-Stadt<br \/>\n2003  V.I.D. award Bern<br \/>\n2002  Artist in residence \/ IAAB, Cit\u00e9 Internationale des Arts, Paris<br \/>\n2000  Werkbeitrag Kanton Basel-Stadt<br \/>\n1997  F\u00f6rderpreis Film- und Videotage Basel<br \/>\n1998  Artist in residence \/ IAAB, Montr\u00e9al\/Kanada<\/p>\n<p>Ausstellungen<br \/>\n2023 VideoWindow zu Gast im Zimmermannhaus Brugg: &#8218;Christoph Oertli, Superposition\u2018;<br \/>\nVideoWindow, \u2018Thrill me, The Power and Magic of Music in Video Art\u2018, Kunsthalle \/ Stattkino Luzern, Walcheturm Z\u00fcrich, Stadtkino Basel.<br \/>\n2021 VideoWindow \/ Stattkino Luzern; Videocity \/ Messe Basel; \u2018Utopia\u2019, Boomerang, Lyon.<br \/>\n2020 Kunsthaus Baselland: &#8218;Christoph Oertli, Sensing Bodies\u2018, Einzelausstellung.<br \/>\n2019 \u2018videocity Basel \u2013 Kaliningrad\u2018, kuratiert von Andrea Domesle, Ausstellungszentrum \u2018Rosizo\u2018, Kaliningrad.<br \/>\n2017 &#8218;voyage, voyage&#8216;, Kunstmuseum Olten; &#8218;hier &#8211; dort&#8216;, Benzeholz, Meggen\/Lucerne; Rewind 1997, Kunstraum Riehen\/Basel.<br \/>\n2016\tErnte 2015, Kunsthaus Baselland;  FID Festival International de Cin\u00e9ma Marseille.<br \/>\n2015\t\u2018Wohin gehen wir?\u2019 Videokunst zur Stadtgesellschaft, Motorenhalle Dresden; Proyector-Festival, Signos y Significados, Quinta del Sordo, Madrid; VideoWindow, Galerie Bob Gysin, Zu\u0308rich.<br \/>\n2014 Ernte 2013, Kunsthaus Baselland; \u2018RoundAbout\u2019, Kunstraum akku, Emmen\/Luzern; &#8218;Regionale 15&#8216;, Aubette, Strasbourg.<br \/>\n2013 Swiss Art Awards, Messe Basel; Video City, Louis Vuitton store, Basel; Making Visible! Kunsthaus Baselland (CH).<br \/>\n2012 \u2018durchblicken und abprallen &#8211; k\u00fcnstl. Statements zu semitransp. Konstruktionen\u2019, K3 Z\u00fcrich; \u2018Ph\u00e4nomen Wohlstand\u2019, Motorenhalle Dresden; \u2018Hidden Publics\u2019, Galerie Emila Filly, \u00d9sti nad Labem, Tschechien; Colliding Worlds \u2013 Kunsthalle Exnergasse, Wien.<br \/>\n2011\t Einzelausstellung Kunstkredit Basel, Oslo10, Basel; Acc\u00e9lerateur de particules, Strasbourg.<br \/>\n2010 \u2018Ground is moving\u2019, solo show at Cin\u00e9math\u00e8que Qu\u00e9b\u00e9coise Montr\u00e9al; \u2018Transient Spaces &#8211; the tourist syndrome\u2019, NGBK Berlin; \u2018Where do you want to go?\u2019, Museum B\u00e4rengasse, Z\u00fcrich.<br \/>\n2009\t\u2018Im Schatten der Pyramiden\u2019, Haus f\u00fcr Kunst Uri, Altdorf.<br \/>\n2008\tEinzelausstellung Kunsthalle Winterthur, \u2018Ernte 2007\u2019, Palazzo Liestal; Cairoscape, Berlin; Galerie Les Territoires, Montr\u00e9al; Galerie Leclectic, Noum\u00e9a\/Nouvelle Cal\u00e9donie;<br \/>\n\u2018Regionale9\u2019, Kunsthalle, Basel.<br \/>\n2007\tGalerie Leclectic, Noum\u00e9a\/Nouvelle Cal\u00e9donie; \u2018Regionale8\u2019, Plug-in, Basel.<br \/>\n2006\tKunsthalle Winterthur, \u2018W\u2019thur sucht den Superstar\u2019; \u2018Regionale7\u2019, Ausstellungsraum Klingental, Basel; Galerie ArtCore, Slick Art Fair\/FIAC Paris.<br \/>\n2005\t\u2018Swiss video landscapes today, looped sensations\u2019, Tokyo, Kyoto, Fukuoka, Nagoya, Yokohama; \u2018Regionale6\u2019, Plug-in, Basel.<br \/>\n2004\t\u2018Swiss Art Miami\u2019, Miami Beach\/USA; Friedrichsbau B\u00fchl\/D, Galleria Laurin, Z\u00fcrich; Filiale Basel.<br \/>\n2003\tGalerie artcore Paris, Regionale Basel\/Mulhouse<br \/>\n2002\tNuit Art Vid\u00e9o, Th\u00e9\u00e2tre Le Maillon, Strasbourg<br \/>\n2001\t\u2018Regionale2\u2019, Plug-in, Basel\/E-werk, Kunstverein Freiburg Brsg; \u2018Helle N\u00e4chte\u2018, Kunstverein BL.<br \/>\n2000\tKunstkredit Basel, Kunsthaus Baselland.<br \/>\n1999\tNeue Gesellschaft f\u00fcr Bildende Kunst NGBK, Berlin; Casa Obscura, Montr\u00e9al\/Kanada.<br \/>\n1998\tGalerie Elisabeth Kaufmann, Basel; Kunstkeller Bern; CMS\/IAAB Basel.<br \/>\n1997\tKunsthaus Glarus; \u2018Paradice now\u2019, Z\u00fcrich.<\/p>\n<p>Festivals\/Pr\u00e4sentationen (Auswahl)<br \/>\nViper, Basel; VideoEx, Z\u00fcrich ; Plug in, New Media Forum Basel; Swiss Television; Kunsthaus Glarus\/CH; Cin\u00e9-Club Xenix, Z\u00fcrich; Transmediale 2000, Berlin; Neue Gesellschaft f\u00fcr Bildende Kunst NGBK, Berlin; Kunstverein Freiburg\/Brsg, E-Werk; Kommunales Kino, Freiburg\/Brsg; Vid\u00e9oformes Clermont-Ferrand; Rencontres Int. Paris\/Berlin\/Madrid; Invideo Milan; 2nd Intern.Video Art Festival Prishtina\/Kosovo; April meetings, Belgrad; Pandaemonium, ICA Institute of Contemporary Art, London; OutFest, Los Angeles; The Int\u2019l Fest of Cinema and Technology, Los Angeles; Inside Out, Toronto; Pleasure Dome, Toronto; MIX &#8211; The New York Lesbian and Gay Experimental Film\/Video Festival; Swiss Institute New York, NYC; Rendez-vous du Cin\u00e9ma Qu\u00e9b\u00e9cois, Montr\u00e9al; \u2018Image et nation\u2019, Montr\u00e9al; The Vancouver Videopoem Festival; Southern Alberta Art Gallery, Lethbridge\/Canada; Emmedia Calgary\/Canada; Microwave, Hongkong; Image Forum, Tokyo; FIV, Buenos Aires.<\/p>","protected":false},"excerpt":{"rendered":"<p>* Winterthur\/Schweiz, lebt und arbeitet in Basel. Ausbildung: ZHdK Z\u00fcrich, Grafik; Schweizer Fernsehen Z\u00fcrich, B\u00fchnenbild; FHNW Basel, Audiovisuelle Gestaltung. Ab 1995: realisiert Videos, Videoinstallationen, Dokumentarfilme, Video f\u00fcr Tanz und Theater. F\u00e4hrt 1995-97 auf Schiffen rund um die Welt, lebt 1998-00 in Montr\u00e9al\/Canada, 2002-07 in Paris, 2007-17 in Br\u00fcssel. 2000-02 Dozent f\u00fcr Video an Fachhochschule Vorarlberg\/Oesterreich. [&hellip;]<\/p>\n","protected":false},"author":2,"featured_media":0,"parent":0,"menu_order":0,"comment_status":"closed","ping_status":"closed","template":"","meta":{"footnotes":""},"class_list":["post-186","page","type-page","status-publish","hentry"],"yoast_head":"<!-- This site is optimized with the Yoast SEO plugin v26.9 - https:\/\/yoast.com\/product\/yoast-seo-wordpress\/ -->\n<title>cv - Christoph Oertli<\/title>\n<meta name=\"robots\" content=\"index, follow, max-snippet:-1, max-image-preview:large, max-video-preview:-1\" \/>\n<link rel=\"canonical\" href=\"https:\/\/christophoertli.ch\/cv\/\" \/>\n<meta property=\"og:locale\" content=\"de_DE\" \/>\n<meta property=\"og:type\" content=\"article\" \/>\n<meta property=\"og:title\" content=\"cv - Christoph Oertli\" \/>\n<meta property=\"og:description\" content=\"* Winterthur\/Schweiz, lebt und arbeitet in Basel. Ausbildung: ZHdK Z\u00fcrich, Grafik; Schweizer Fernsehen Z\u00fcrich, B\u00fchnenbild; FHNW Basel, Audiovisuelle Gestaltung. Ab 1995: realisiert Videos, Videoinstallationen, Dokumentarfilme, Video f\u00fcr Tanz und Theater. F\u00e4hrt 1995-97 auf Schiffen rund um die Welt, lebt 1998-00 in Montr\u00e9al\/Canada, 2002-07 in Paris, 2007-17 in Br\u00fcssel. 2000-02 Dozent f\u00fcr Video an Fachhochschule Vorarlberg\/Oesterreich. [&hellip;]\" \/>\n<meta property=\"og:url\" content=\"https:\/\/christophoertli.ch\/cv\/\" \/>\n<meta property=\"og:site_name\" content=\"Christoph Oertli\" \/>\n<meta property=\"article:modified_time\" content=\"2024-02-07T09:58:25+00:00\" \/>\n<meta name=\"twitter:card\" content=\"summary_large_image\" \/>\n<meta name=\"twitter:label1\" content=\"Gesch\u00e4tzte Lesezeit\" \/>\n\t<meta name=\"twitter:data1\" content=\"7\u00a0Minuten\" \/>\n<script type=\"application\/ld+json\" class=\"yoast-schema-graph\">{\"@context\":\"https:\/\/schema.org\",\"@graph\":[{\"@type\":\"WebPage\",\"@id\":\"https:\/\/christophoertli.ch\/cv\/\",\"url\":\"https:\/\/christophoertli.ch\/cv\/\",\"name\":\"cv - Christoph Oertli\",\"isPartOf\":{\"@id\":\"https:\/\/christophoertli.ch\/#website\"},\"datePublished\":\"2009-04-10T22:03:19+00:00\",\"dateModified\":\"2024-02-07T09:58:25+00:00\",\"breadcrumb\":{\"@id\":\"https:\/\/christophoertli.ch\/cv\/#breadcrumb\"},\"inLanguage\":\"de\",\"potentialAction\":[{\"@type\":\"ReadAction\",\"target\":[\"https:\/\/christophoertli.ch\/cv\/\"]}]},{\"@type\":\"BreadcrumbList\",\"@id\":\"https:\/\/christophoertli.ch\/cv\/#breadcrumb\",\"itemListElement\":[{\"@type\":\"ListItem\",\"position\":1,\"name\":\"Home\",\"item\":\"https:\/\/christophoertli.ch\/\"},{\"@type\":\"ListItem\",\"position\":2,\"name\":\"cv\"}]},{\"@type\":\"WebSite\",\"@id\":\"https:\/\/christophoertli.ch\/#website\",\"url\":\"https:\/\/christophoertli.ch\/\",\"name\":\"Christoph Oertli\",\"description\":\"video works\",\"potentialAction\":[{\"@type\":\"SearchAction\",\"target\":{\"@type\":\"EntryPoint\",\"urlTemplate\":\"https:\/\/christophoertli.ch\/?s={search_term_string}\"},\"query-input\":{\"@type\":\"PropertyValueSpecification\",\"valueRequired\":true,\"valueName\":\"search_term_string\"}}],\"inLanguage\":\"de\"}]}<\/script>\n<!-- \/ Yoast SEO plugin. -->","yoast_head_json":{"title":"cv - Christoph Oertli","robots":{"index":"index","follow":"follow","max-snippet":"max-snippet:-1","max-image-preview":"max-image-preview:large","max-video-preview":"max-video-preview:-1"},"canonical":"https:\/\/christophoertli.ch\/cv\/","og_locale":"de_DE","og_type":"article","og_title":"cv - Christoph Oertli","og_description":"* Winterthur\/Schweiz, lebt und arbeitet in Basel. Ausbildung: ZHdK Z\u00fcrich, Grafik; Schweizer Fernsehen Z\u00fcrich, B\u00fchnenbild; FHNW Basel, Audiovisuelle Gestaltung. Ab 1995: realisiert Videos, Videoinstallationen, Dokumentarfilme, Video f\u00fcr Tanz und Theater. F\u00e4hrt 1995-97 auf Schiffen rund um die Welt, lebt 1998-00 in Montr\u00e9al\/Canada, 2002-07 in Paris, 2007-17 in Br\u00fcssel. 2000-02 Dozent f\u00fcr Video an Fachhochschule Vorarlberg\/Oesterreich. [&hellip;]","og_url":"https:\/\/christophoertli.ch\/cv\/","og_site_name":"Christoph Oertli","article_modified_time":"2024-02-07T09:58:25+00:00","twitter_card":"summary_large_image","twitter_misc":{"Gesch\u00e4tzte Lesezeit":"7\u00a0Minuten"},"schema":{"@context":"https:\/\/schema.org","@graph":[{"@type":"WebPage","@id":"https:\/\/christophoertli.ch\/cv\/","url":"https:\/\/christophoertli.ch\/cv\/","name":"cv - Christoph Oertli","isPartOf":{"@id":"https:\/\/christophoertli.ch\/#website"},"datePublished":"2009-04-10T22:03:19+00:00","dateModified":"2024-02-07T09:58:25+00:00","breadcrumb":{"@id":"https:\/\/christophoertli.ch\/cv\/#breadcrumb"},"inLanguage":"de","potentialAction":[{"@type":"ReadAction","target":["https:\/\/christophoertli.ch\/cv\/"]}]},{"@type":"BreadcrumbList","@id":"https:\/\/christophoertli.ch\/cv\/#breadcrumb","itemListElement":[{"@type":"ListItem","position":1,"name":"Home","item":"https:\/\/christophoertli.ch\/"},{"@type":"ListItem","position":2,"name":"cv"}]},{"@type":"WebSite","@id":"https:\/\/christophoertli.ch\/#website","url":"https:\/\/christophoertli.ch\/","name":"Christoph Oertli","description":"video works","potentialAction":[{"@type":"SearchAction","target":{"@type":"EntryPoint","urlTemplate":"https:\/\/christophoertli.ch\/?s={search_term_string}"},"query-input":{"@type":"PropertyValueSpecification","valueRequired":true,"valueName":"search_term_string"}}],"inLanguage":"de"}]}},"_links":{"self":[{"href":"https:\/\/christophoertli.ch\/de\/wp-json\/wp\/v2\/pages\/186","targetHints":{"allow":["GET"]}}],"collection":[{"href":"https:\/\/christophoertli.ch\/de\/wp-json\/wp\/v2\/pages"}],"about":[{"href":"https:\/\/christophoertli.ch\/de\/wp-json\/wp\/v2\/types\/page"}],"author":[{"embeddable":true,"href":"https:\/\/christophoertli.ch\/de\/wp-json\/wp\/v2\/users\/2"}],"replies":[{"embeddable":true,"href":"https:\/\/christophoertli.ch\/de\/wp-json\/wp\/v2\/comments?post=186"}],"version-history":[{"count":152,"href":"https:\/\/christophoertli.ch\/de\/wp-json\/wp\/v2\/pages\/186\/revisions"}],"predecessor-version":[{"id":1309,"href":"https:\/\/christophoertli.ch\/de\/wp-json\/wp\/v2\/pages\/186\/revisions\/1309"}],"wp:attachment":[{"href":"https:\/\/christophoertli.ch\/de\/wp-json\/wp\/v2\/media?parent=186"}],"curies":[{"name":"wp","href":"https:\/\/api.w.org\/{rel}","templated":true}]}}